{"id":93,"date":"2017-10-04T05:30:55","date_gmt":"2017-10-04T03:30:55","guid":{"rendered":"https:\/\/www.studioirrera.it\/?page_id=93"},"modified":"2024-02-01T17:32:42","modified_gmt":"2024-02-01T16:32:42","slug":"le-attivita","status":"publish","type":"page","link":"https:\/\/www.studioirrera.it\/it\/le-attivita\/","title":{"rendered":"Le attivit\u00e0"},"content":{"rendered":"<div class=\"mp-row-fluid motopress-row mpce-dsbl-margin-left mpce-dsbl-margin-right\">\n<div class=\"motopress-clmn mp-span12  mpce-dsbl-margin-left mpce-dsbl-margin-right\">\n<style type=\"text\/css\">.main-container {\n    margin-top: 0;\n}<\/style><div class=\"motoslider_wrapper \" id=\"motoslider_wrapper69f62eb56dd45\" >\n        <div data-motoslider style=\"height: 350px; max-height: 350px;\">\n    <\/div>\n    <div class=\"motoslider\" style=\"display: none;\">\n        <div id=\"settings\"  data-full-window-width=\"true\" data-full-height=\"false\" data-full-height-offset=\"px\" data-full-height-offset-container=\"\" data-full-size-grid=\"false\" data-timer=\"true\" data-timer-delay=\"4000\" data-hover-timer=\"false\" data-counter=\"false\" data-slider-layout=\"auto\" data-timer-reverse=\"false\" data-arrows-show=\"true\" data-thumbnails-show=\"true\" data-slideshow-timer-show=\"false\" data-slideshow-ppb-show=\"false\" data-controls-hide-on-leave=\"false\" data-swipe=\"true\" data-delay-init=\"0\" data-scroll-init=\"false\" data-start-slide=\"1\" data-visible-from=\"\" data-visible-till=\"\" data-layout-desktop-width=\"1170\" data-layout-desktop-height=\"350\" data-layout-notebook-width=\"1024\" data-layout-notebook-height=\"768\" data-layout-tablet-width=\"778\" data-layout-tablet-height=\"960\" data-layout-mobile-width=\"480\" data-layout-mobile-height=\"720\" data-layout=\"true;false;false;false\" data-custom-class=\"\">\n        <\/div>\n        <div id=\"slides\">\n                            <div class=\"slide\"  data-class=\"\" data-id=\"\" data-animation=\"msSlideFade\" data-fade-animation=\"msSlideFade\" data-duration=\"2000\" data-easing=\"easeOutCirc\">\n                    <div class=\"slide_bg\" >\n                        <div  data-src=\"https:\/\/www.studioirrera.it\/wp-content\/uploads\/2017\/10\/attivita1.jpg\" data-type=\"image\" data-fit=\"cover\" data-position=\"center center\" data-repeat=\"no-repeat\"><\/div>                    <\/div>\n                    <div class=\"layers\">\n                                            <\/div>\n                <\/div>\n                            <div class=\"slide\"  data-class=\"\" data-id=\"\" data-animation=\"msSlideFade\" data-fade-animation=\"msSlideFade\" data-duration=\"2000\" data-easing=\"easeOutCirc\">\n                    <div class=\"slide_bg\" >\n                        <div  data-type=\"color\" data-color=\"rgb(255, 255, 255)\"><\/div><div  data-src=\"https:\/\/www.studioirrera.it\/wp-content\/uploads\/2017\/10\/attivita2.jpg\" data-type=\"image\" data-fit=\"cover\" data-position=\"center center\" data-repeat=\"no-repeat\"><\/div>                    <\/div>\n                    <div class=\"layers\">\n                                            <\/div>\n                <\/div>\n                            <div class=\"slide\"  data-class=\"\" data-id=\"\" data-animation=\"msSlideFade\" data-fade-animation=\"msSlideFade\" data-duration=\"2000\" data-easing=\"easeOutCirc\">\n                    <div class=\"slide_bg\" >\n                        <div  data-type=\"color\" data-color=\"rgb(255, 255, 255)\"><\/div><div  data-src=\"https:\/\/www.studioirrera.it\/wp-content\/uploads\/2017\/10\/attivita3.jpg\" data-type=\"image\" data-fit=\"cover\" data-position=\"center center\" data-repeat=\"no-repeat\"><\/div>                    <\/div>\n                    <div class=\"layers\">\n                                            <\/div>\n                <\/div>\n                            <div class=\"slide\"  data-class=\"\" data-id=\"\" data-animation=\"msSlideFade\" data-fade-animation=\"msSlideFade\" data-duration=\"2000\" data-easing=\"easeOutCirc\">\n                    <div class=\"slide_bg\" >\n                        <div  data-src=\"https:\/\/www.studioirrera.it\/wp-content\/uploads\/2017\/10\/network1.jpg\" data-type=\"image\" data-fit=\"cover\" data-position=\"center center\" data-repeat=\"no-repeat\"><\/div>                    <\/div>\n                    <div class=\"layers\">\n                                            <\/div>\n                <\/div>\n                    <\/div>\n    <\/div>\n<\/div>\n<p class=\"motopress-hide-script mpsl-hide-script\">\n    <script type=\"text\/javascript\" id='mpsl-fix-height-motoslider_wrapper69f62eb56dd45'>\n        var aspect = 0.2991452991453;\n        var sliderWrapper = document.getElementById('motoslider_wrapper69f62eb56dd45');\n        var outerWidth = sliderWrapper.offsetWidth;\n        var curHeight = outerWidth * aspect;\n        sliderWrapper.querySelector('[data-motoslider]').height = curHeight + 'px';\n    <\/script>\n<\/p>\n<\/div>\n<\/div>\n<div class=\"mp-row-fluid motopress-row mpce-dsbl-margin-left mpce-dsbl-margin-right\">\n<div class=\"motopress-clmn mp-span12  mpce-dsbl-margin-left mpce-dsbl-margin-right\">\n<div class=\"motopress-accordion-obj motopress-accordion mp-theme-accordion-brand\" data-atts=\"{&quot;active&quot;:0,&quot;collapsible&quot;:true,&quot;header&quot;:&quot;&gt; div &gt; h3&quot;,&quot;heightStyle&quot;:&quot;content&quot;}\">\n<div class=\"motopress-accordion-item\"><h3>Impresa e Societ\u00e0<\/h3><div>\n<p>Forniamo assistenza qualificata all\u2019imprenditore e alle societ\u00e0 commerciali, anche in sede giudiziale.<\/p>\n<p>Offriamo consulenza nella stesura di patti parasociali, nella scelta dei pi\u00f9 opportuni modelli di <em>governance<\/em> e nella gestione dei rapporti tra soci.<\/p>\n<p>Affianchiamo le societ\u00e0 nella predisposizione di modelli organizzativi e contratti commerciali, nelle attivit\u00e0 di riorganizzazione aziendale, nelle operazioni di <em>M&#038;A, <\/em>nelle altre operazioni straordinarie e di trasferimento di aziende, svolgendo altres\u00ec le connesse <em>due diligence <\/em>legali.<\/p>\n<\/div><\/div>\n<div class=\"motopress-accordion-item\"><h3>Crisi d\u2019impresa<\/h3><div>\n<p>Assistiamo l\u2019imprenditore nella gestione della crisi, tramite gli strumenti di ristrutturazione e riorganizzazione aziendale, anche miranti alla tutela della continuit\u00e0, potendo contare sull\u2019esperienza maturata dai nostri professionisti nelle vesti di commissari giudiziali di concordati preventivi e legali di curatele fallimentari.<\/p>\n<p>Forniamo ausilio e consulenza nella predisposizione di piani di risanamento, di accordi di ristrutturazione, transazioni fiscali e concordati preventivi, offrendo completo supporto anche nella loro fase di attuazione.<\/p>\n<\/div><\/div>\n<div class=\"motopress-accordion-item\"><h3>Mercati finanziari e Real Estate<\/h3><div>\n<p>Abbiamo maturato una consolidata esperienza nel diritto finanziario, quali consulenti di banche, intermediari finanziari ed imprese commerciali, prestando opera professionale sia nell\u2019elaborazione di progetti di <em>governance <\/em>bancaria, sia nelle fasi stragiudiziale e contenziosa delle questioni insorte tra banche, intermediari e clienti.<\/p>\n<p>Vantiamo competenze specifiche nell\u2019assistenza a fondi immobiliari, sia nella fase preliminare, mediante redazione <em>due diligence <\/em>legali sui beni oggetto dell\u2019operazione, sia nelle fasi di acquisizione, dismissione e valorizzazione dei complessi immobiliari (industriali, commerciali e residenziali) da conferire nei fondi.<\/p>\n<\/div><\/div>\n<div class=\"motopress-accordion-item\"><h3>Pubblica Amministrazione e Societ\u00e0 commerciali<\/h3><div>\n<p>Abbiamo maturato una specifica competenza nell\u2019assistenza a societ\u00e0 pubbliche e miste. In particolare, forniamo consulenza nelle procedure di selezione del socio privato nelle societ\u00e0 miste, cos\u00ec come prestiamo assistenza nella predisposizione e modifica di statuti di societ\u00e0 <em>in house<\/em>, anche al fine di disciplinare correttamente il controllo analogo dell\u2019ente pubblico socio e le modalit\u00e0 di esercizio.<\/p>\n<p>La societ\u00e0 pubblica viene inoltre seguita continuativamente nella gestione dei rapporti con il socio pubblico e con gli altri soci, nonch\u00e9 nelle procedure selettive finalizzate alla scelta di <em>partner <\/em>per l\u2019esecuzione di operazioni finanziarie o straordinarie.<\/p>\n<\/div><\/div>\n<div class=\"motopress-accordion-item\"><h3>Contenzioso giudiziale ed Arbitrale<\/h3><div>\n<p>Difendiamo clienti in giudizio, davanti a tutte le giurisdizioni dello Stato e in arbitrato (interno ed internazionale), in controversie nelle materie relative alle altre aree del diritto in cui lo Studio svolge la propria attivit\u00e0. Offriamo, inoltre, assistenza legale nelle procedure sanzionatorie promosse da Autorit\u00e0 indipendenti, quali Consob e Banca d\u2019Italia.<\/p>\n<p>Nella fase preliminare al contenzioso, aiutiamo i clienti ad operare scelte consapevoli, mediante la valutazione dei costi e benefici della soluzione processuale a confronto con soluzioni stragiudiziali eventualmente percorribili.<\/p>\n<p>Vantiamo una consolidata esperienza nell\u2019ambito di procedimenti arbitrali nazionali ed internazionali.<\/p>\n<\/div><\/div>\n<div class=\"motopress-accordion-item\"><h3>Responsabilit\u00e0 civile<\/h3><div>\n<p>Forniamo consulenza, in ambito giudiziale e stragiudiziale, per la tutela dei diritti fondamentali della persona e del\u2019integrit\u00e0 del suo patrimonio.<\/p>\n<p>L\u2019attivit\u00e0 mira a salvaguardare gli interessi patrimoniali e non patrimoniali (risarcimento del danno biologico, morale, all\u2019immagine) del cliente, sia nel settore contrattuale, sia in quello extracontrattuale, mediante l\u2019esperimento di ogni azione necessaria a far valere i diritti lesi dall\u2019altrui attivit\u00e0 illecita e la soddisfazione di ogni pretesa risarcitoria.<\/p>\n<\/div><\/div>\n<div class=\"motopress-accordion-item\"><h3>Lavoro e Previdenza<\/h3><div>\n<p>Assistiamo clienti italiani ed esteri in relazione ad ogni tipo di problematica riguardante il diritto del lavoro, comprese quelle sulla sicurezza del lavoro, la previdenza e l\u2019assistenza sociale.<\/p>\n<p>In particolare, prestiamo consulenza con riferimento alle implicazioni giuslavoristiche delle operazioni societarie, in riorganizzazioni e procedure di riduzione del personale, in operazioni di esternalizzazione (trasferimenti di azienda, appalti, distacchi), nella redazione di contratti di lavoro subordinato e autonomo, accordi collettivi aziendali e accordi di risoluzione e transazione, nonch\u00e9 nella stesura di policies e regolamenti aziendali (ad esempio, fornendo alle imprese consulenze nel campo della tutela della <em>privacy <\/em>e della sicurezza dei luoghi di lavoro).<\/p>\n<\/div><\/div>\n<div class=\"motopress-accordion-item\"><h3>Sport e Marketing sportivo<\/h3><div>\n<p>Offriamo assistenza legale agli atleti e alle associazioni sportive nella stipulazione di contratti per prestazione sportiva, nonch\u00e9 di contratti di sponsorizzazione e diritti di marketing (i.e. sfruttamento dei diritti di immagine).<\/p>\n<p>L\u2019atleta viene altres\u00ec seguito nella gestione dei profili legali connessi agli infortuni subiti durante l\u2019attivit\u00e0 sportiva, nonch\u00e9 nei contenziosi innanzi all\u2019autorit\u00e0 giudiziaria arbitrale e ordinaria.<\/p>\n<p>Prestiamo inoltre consulenza nella costituzione di societ\u00e0 e associazioni sportive, nonch\u00e9 per gli aspetti giuridici connessi con lo svolgimento della vita sociale.<\/p>\n<\/div><\/div>\n<\/div>\n<\/div>\n<\/div>\n","protected":false},"excerpt":{"rendered":"Impresa e Societ\u00e0 Forniamo assistenza qualificata all\u2019imprenditore e alle societ\u00e0 commerciali, anche in [&hellip;]","protected":false},"author":1,"featured_media":0,"parent":0,"menu_order":0,"comment_status":"closed","ping_status":"closed","template":"template-with-header.php","meta":{"footnotes":""},"class_list":["post-93","page","type-page","status-publish","hentry"],"_links":{"self":[{"href":"https:\/\/www.studioirrera.it\/it\/wp-json\/wp\/v2\/pages\/93","targetHints":{"allow":["GET"]}}],"collection":[{"href":"https:\/\/www.studioirrera.it\/it\/wp-json\/wp\/v2\/pages"}],"about":[{"href":"https:\/\/www.studioirrera.it\/it\/wp-json\/wp\/v2\/types\/page"}],"author":[{"embeddable":true,"href":"https:\/\/www.studioirrera.it\/it\/wp-json\/wp\/v2\/users\/1"}],"replies":[{"embeddable":true,"href":"https:\/\/www.studioirrera.it\/it\/wp-json\/wp\/v2\/comments?post=93"}],"version-history":[{"count":8,"href":"https:\/\/www.studioirrera.it\/it\/wp-json\/wp\/v2\/pages\/93\/revisions"}],"predecessor-version":[{"id":733,"href":"https:\/\/www.studioirrera.it\/it\/wp-json\/wp\/v2\/pages\/93\/revisions\/733"}],"wp:attachment":[{"href":"https:\/\/www.studioirrera.it\/it\/wp-json\/wp\/v2\/media?parent=93"}],"curies":[{"name":"wp","href":"https:\/\/api.w.org\/{rel}","templated":true}]}}